{"id":17358,"date":"2025-04-24T17:32:32","date_gmt":"2025-04-24T15:32:32","guid":{"rendered":"https:\/\/deutsch-unter-palmen.com\/product\/a2-1fr\/"},"modified":"2025-10-06T11:27:16","modified_gmt":"2025-10-06T09:27:16","slug":"a2-1fr","status":"publish","type":"product","link":"https:\/\/deutsch-unter-palmen.com\/de\/product\/a2-1fr\/","title":{"rendered":"Express A1-1 mit Unterkunft f\u00fcr eine zus\u00e4tzliche Person (ohne Kursteilnahme)"},"content":{"rendered":"","protected":false},"excerpt":{"rendered":"<p><span style=\"font-weight: 400;\">Franz\u00f6sisch f\u00fcr Anf\u00e4nger mit Schwerpunkt auf Konversation. Kleine Gruppen, individuelle \u00dcbungseinheiten.<br \/>\n<strong>Dauer:<\/strong>\u00a010\u201314 Tage | 70 Unterrichtseinheiten<br \/>\n<strong>Unterkunft:<\/strong>\u00a0Inklusive in 5\u2605 Apartments im\u00a0<em>Mziuri Gardens<\/em><br \/>\n<\/span><\/p>\n","protected":false},"featured_media":17354,"template":"","meta":[],"product_brand":[],"product_cat":[148,150],"product_tag":[],"class_list":{"0":"post-17358","1":"product","2":"type-product","3":"status-publish","4":"has-post-thumbnail","6":"product_cat-accessories-de","7":"product_cat-francuzskij-de","9":"first","10":"instock","11":"shipping-taxable","12":"purchasable","13":"product-type-variable","14":"has-default-attributes"},"_links":{"self":[{"href":"https:\/\/deutsch-unter-palmen.com\/de\/wp-json\/wp\/v2\/product\/17358","targetHints":{"allow":["GET"]}}],"collection":[{"href":"https:\/\/deutsch-unter-palmen.com\/de\/wp-json\/wp\/v2\/product"}],"about":[{"href":"https:\/\/deutsch-unter-palmen.com\/de\/wp-json\/wp\/v2\/types\/product"}],"version-history":[{"count":2,"href":"https:\/\/deutsch-unter-palmen.com\/de\/wp-json\/wp\/v2\/product\/17358\/revisions"}],"predecessor-version":[{"id":17362,"href":"https:\/\/deutsch-unter-palmen.com\/de\/wp-json\/wp\/v2\/product\/17358\/revisions\/17362"}],"wp:featuredmedia":[{"embeddable":true,"href":"https:\/\/deutsch-unter-palmen.com\/de\/wp-json\/wp\/v2\/media\/17354"}],"wp:attachment":[{"href":"https:\/\/deutsch-unter-palmen.com\/de\/wp-json\/wp\/v2\/media?parent=17358"}],"wp:term":[{"taxonomy":"product_brand","embeddable":true,"href":"https:\/\/deutsch-unter-palmen.com\/de\/wp-json\/wp\/v2\/product_brand?post=17358"},{"taxonomy":"product_cat","embeddable":true,"href":"https:\/\/deutsch-unter-palmen.com\/de\/wp-json\/wp\/v2\/product_cat?post=17358"},{"taxonomy":"product_tag","embeddable":true,"href":"https:\/\/deutsch-unter-palmen.com\/de\/wp-json\/wp\/v2\/product_tag?post=17358"}],"curies":[{"name":"wp","href":"https:\/\/api.w.org\/{rel}","templated":true}]}}