{"id":17599,"date":"2025-10-06T12:22:24","date_gmt":"2025-10-06T10:22:24","guid":{"rendered":"https:\/\/deutsch-unter-palmen.com\/?post_type=product&#038;p=17599"},"modified":"2025-10-06T13:28:30","modified_gmt":"2025-10-06T11:28:30","slug":"express-eng-a1-1-fur-2-personen-mit-unterkunft-und-kursteilnahme","status":"publish","type":"product","link":"https:\/\/deutsch-unter-palmen.com\/de\/product\/express-eng-a1-1-fur-2-personen-mit-unterkunft-und-kursteilnahme\/","title":{"rendered":"Englischkurs f\u00fcr Anf\u00e4nger. Express A1+1 f\u00fcr 2 Personen mit Unterkunft und Kursteilnahme."},"content":{"rendered":"","protected":false},"excerpt":{"rendered":"<p><span style=\"font-weight: 400;\">Ein Kurs f\u00fcr Erwachsene (ab 16 Jahren) mit keinen oder geringen Vorkenntnissen. Kleine Gruppen, die Franke-Express-Methode, komfortable Unterkunft und intensive Praxis.<br \/>\n<strong>Dauer:<\/strong>\u00a010\u201314 Tage | 70 Unterrichtseinheiten + 5 Einzelstunden<br \/>\n<strong>Unterkunft:<\/strong>\u00a0Inklusive in 5\u2605 Apartments im\u00a0<em>Mziuri Gardens<\/em><br \/>\n<\/span><\/p>\n","protected":false},"featured_media":17538,"template":"","meta":[],"product_brand":[],"product_cat":[148,149,175],"product_tag":[],"class_list":{"0":"post-17599","1":"product","2":"type-product","3":"status-publish","4":"has-post-thumbnail","6":"product_cat-accessories-de","7":"product_cat-nemeckij-yazyk-de","8":"product_cat-englische-sprache","10":"first","11":"instock","12":"shipping-taxable","13":"purchasable","14":"product-type-variable","15":"has-default-attributes"},"_links":{"self":[{"href":"https:\/\/deutsch-unter-palmen.com\/de\/wp-json\/wp\/v2\/product\/17599","targetHints":{"allow":["GET"]}}],"collection":[{"href":"https:\/\/deutsch-unter-palmen.com\/de\/wp-json\/wp\/v2\/product"}],"about":[{"href":"https:\/\/deutsch-unter-palmen.com\/de\/wp-json\/wp\/v2\/types\/product"}],"version-history":[{"count":2,"href":"https:\/\/deutsch-unter-palmen.com\/de\/wp-json\/wp\/v2\/product\/17599\/revisions"}],"predecessor-version":[{"id":17613,"href":"https:\/\/deutsch-unter-palmen.com\/de\/wp-json\/wp\/v2\/product\/17599\/revisions\/17613"}],"wp:featuredmedia":[{"embeddable":true,"href":"https:\/\/deutsch-unter-palmen.com\/de\/wp-json\/wp\/v2\/media\/17538"}],"wp:attachment":[{"href":"https:\/\/deutsch-unter-palmen.com\/de\/wp-json\/wp\/v2\/media?parent=17599"}],"wp:term":[{"taxonomy":"product_brand","embeddable":true,"href":"https:\/\/deutsch-unter-palmen.com\/de\/wp-json\/wp\/v2\/product_brand?post=17599"},{"taxonomy":"product_cat","embeddable":true,"href":"https:\/\/deutsch-unter-palmen.com\/de\/wp-json\/wp\/v2\/product_cat?post=17599"},{"taxonomy":"product_tag","embeddable":true,"href":"https:\/\/deutsch-unter-palmen.com\/de\/wp-json\/wp\/v2\/product_tag?post=17599"}],"curies":[{"name":"wp","href":"https:\/\/api.w.org\/{rel}","templated":true}]}}